{"id":1251,"date":"2024-11-10T11:18:37","date_gmt":"2024-11-10T11:18:37","guid":{"rendered":"https:\/\/bregihouseband.de\/?page_id=1251"},"modified":"2024-11-10T12:52:44","modified_gmt":"2024-11-10T12:52:44","slug":"gallery","status":"publish","type":"page","link":"https:\/\/bregihouseband.de\/?page_id=1251","title":{"rendered":"gallery"},"content":{"rendered":"<p><\/p><div style=\"height:100px\" aria-hidden=\"true\" class=\"wp-block-spacer\"><\/div><h2 class=\"wp-block-heading has-text-color has-link-color wp-elements-e28929cad34cac3bf07fe5f1ddbf10bf\" style=\"color:#f9ed08\">Gallery<\/h2><div style=\"height:100px\" aria-hidden=\"true\" class=\"wp-block-spacer\"><\/div><div class=\"wp-block-group has-background is-layout-constrained wp-container-core-group-is-layout-a35945ca wp-block-group-is-layout-constrained\" style=\"border-radius:25px;background-color:#3a3a3a;padding-top:var(--wp--preset--spacing--30);padding-right:var(--wp--preset--spacing--30);padding-bottom:var(--wp--preset--spacing--30);padding-left:var(--wp--preset--spacing--30)\"><div class=\"wp-block-columns is-layout-flex wp-container-core-columns-is-layout-28f84493 wp-block-columns-is-layout-flex\"><div class=\"wp-block-column is-layout-flow wp-block-column-is-layout-flow\"><p class=\"has-background-color has-text-color has-link-color wp-elements-7acec40082302d7abd7152932c5eaac2\">Diese Galerie will noch gef\u00fcllt werden.<br>Bislang beschr\u00e4nkt sich die Auswahl auf diese knapp f\u00fcnf Minuten mt Erinnerungen aus den letzten Jahren:<\/p>\n\n<figure style=\"padding-top:var(--wp--preset--spacing--10);padding-right:var(--wp--preset--spacing--20);padding-bottom:var(--wp--preset--spacing--10);padding-left:var(--wp--preset--spacing--20)\" class=\"wp-block-video\"><video controls src=\"https:\/\/bregihouseband.de\/wp-content\/uploads\/2024\/11\/bhb_friends_small.mp4\"><\/video><\/figure><\/div><\/div><\/div><div style=\"height:100px\" aria-hidden=\"true\" class=\"wp-block-spacer\"><\/div>","protected":false},"excerpt":{"rendered":"<p>Gallery Diese Galerie will noch gef\u00fcllt werden.Bislang beschr\u00e4nkt sich die Auswahl auf diese knapp f\u00fcnf Minuten mt Erinnerungen aus den letzten Jahren:<\/p>\n","protected":false},"author":1,"featured_media":0,"parent":0,"menu_order":0,"comment_status":"closed","ping_status":"closed","template":"","meta":{"_themeisle_gutenberg_block_has_review":false,"footnotes":""},"class_list":["post-1251","page","type-page","status-publish","hentry"],"_links":{"self":[{"href":"https:\/\/bregihouseband.de\/index.php?rest_route=\/wp\/v2\/pages\/1251","targetHints":{"allow":["GET"]}}],"collection":[{"href":"https:\/\/bregihouseband.de\/index.php?rest_route=\/wp\/v2\/pages"}],"about":[{"href":"https:\/\/bregihouseband.de\/index.php?rest_route=\/wp\/v2\/types\/page"}],"author":[{"embeddable":true,"href":"https:\/\/bregihouseband.de\/index.php?rest_route=\/wp\/v2\/users\/1"}],"replies":[{"embeddable":true,"href":"https:\/\/bregihouseband.de\/index.php?rest_route=%2Fwp%2Fv2%2Fcomments&post=1251"}],"version-history":[{"count":8,"href":"https:\/\/bregihouseband.de\/index.php?rest_route=\/wp\/v2\/pages\/1251\/revisions"}],"predecessor-version":[{"id":1261,"href":"https:\/\/bregihouseband.de\/index.php?rest_route=\/wp\/v2\/pages\/1251\/revisions\/1261"}],"wp:attachment":[{"href":"https:\/\/bregihouseband.de\/index.php?rest_route=%2Fwp%2Fv2%2Fmedia&parent=1251"}],"curies":[{"name":"wp","href":"https:\/\/api.w.org\/{rel}","templated":true}]}}