{"id":1208,"date":"2024-11-09T18:48:23","date_gmt":"2024-11-09T18:48:23","guid":{"rendered":"https:\/\/bregihouseband.de\/?page_id=1208"},"modified":"2025-06-23T16:01:01","modified_gmt":"2025-06-23T16:01:01","slug":"info","status":"publish","type":"page","link":"https:\/\/bregihouseband.de\/?page_id=1208","title":{"rendered":"info"},"content":{"rendered":"<div class=\"wp-block-cover animated fadeInDown delay-500ms slow\" style=\"border-radius:25px;padding-right:var(--wp--preset--spacing--40);padding-left:var(--wp--preset--spacing--40);min-height:322px;aspect-ratio:unset;\"><img loading=\"lazy\" decoding=\"async\" width=\"1024\" height=\"768\" class=\"wp-block-cover__image-background wp-image-1321 size-large\" alt=\"\" src=\"https:\/\/bregihouseband.de\/wp-content\/uploads\/2025\/06\/2db9072e-d0b1-42f2-802e-b18ab2d12880-1024x768.jpg\" style=\"object-position:53% 12%\" data-object-fit=\"cover\" data-object-position=\"53% 12%\" srcset=\"https:\/\/bregihouseband.de\/wp-content\/uploads\/2025\/06\/2db9072e-d0b1-42f2-802e-b18ab2d12880-1024x768.jpg 1024w, https:\/\/bregihouseband.de\/wp-content\/uploads\/2025\/06\/2db9072e-d0b1-42f2-802e-b18ab2d12880-300x225.jpg 300w, https:\/\/bregihouseband.de\/wp-content\/uploads\/2025\/06\/2db9072e-d0b1-42f2-802e-b18ab2d12880-768x576.jpg 768w, https:\/\/bregihouseband.de\/wp-content\/uploads\/2025\/06\/2db9072e-d0b1-42f2-802e-b18ab2d12880-1536x1152.jpg 1536w, https:\/\/bregihouseband.de\/wp-content\/uploads\/2025\/06\/2db9072e-d0b1-42f2-802e-b18ab2d12880-600x450.jpg 600w, https:\/\/bregihouseband.de\/wp-content\/uploads\/2025\/06\/2db9072e-d0b1-42f2-802e-b18ab2d12880.jpg 1944w\" sizes=\"auto, (max-width: 1024px) 100vw, 1024px\" \/><span aria-hidden=\"true\" class=\"wp-block-cover__background has-primary-background-color has-background-dim-10 has-background-dim\"><\/span><div class=\"wp-block-cover__inner-container is-layout-constrained wp-container-core-cover-is-layout-290e1881 wp-block-cover-is-layout-constrained\"><div style=\"height:201px\" aria-hidden=\"true\" class=\"wp-block-spacer\"><\/div>\n\n<h2 class=\"wp-block-heading has-text-align-center animated zoomIn has-text-color has-link-color wp-elements-cb066cf9d95bb670f5079f306297cdc9\" style=\"color:#eed40e;font-style:normal;font-weight:900;letter-spacing:-8px;text-transform:uppercase\">bhb.level24<\/h2><\/div><\/div><div class=\"wp-block-group is-layout-constrained wp-container-core-group-is-layout-19e250f3 wp-block-group-is-layout-constrained\"><div class=\"wp-block-columns is-layout-flex wp-container-core-columns-is-layout-28f84493 wp-block-columns-is-layout-flex\"><div class=\"wp-block-column is-layout-flow wp-block-column-is-layout-flow\"><\/div><\/div><\/div><div style=\"height:118px\" aria-hidden=\"true\" class=\"wp-block-spacer\"><\/div><div class=\"wp-block-group animated slideInUp has-primary-color has-text-color has-background has-link-color wp-elements-40d486451202f1ce3cd4a5a13e193cae is-layout-constrained wp-block-group-is-layout-constrained\" style=\"border-radius:25px;background:linear-gradient(135deg,rgb(188,194,204) 0%,rgb(102,115,138) 100%)\"><div class=\"wp-block-columns is-layout-flex wp-container-core-columns-is-layout-28f84493 wp-block-columns-is-layout-flex\"><div class=\"wp-block-column is-layout-flow wp-block-column-is-layout-flow\"><p class=\"has-text-align-left has-text-color has-link-color wp-elements-ea56dbf62f2f02df004e85993e31189b\" style=\"color:#f8dd0f;font-size:35px\"><strong>\u2026warum Level24<\/strong><\/p>\n\n<hr class=\"wp-block-separator has-alpha-channel-opacity\"\/>\n\n<p class=\"has-text-align-center\"><strong>Liebe Freunde der BregiHouseBand und treue Begleiter der vergangenen fast zweieinhalb Jahrzehnte!<\/strong><\/p>\n\n<p>Nach unseren schmerzhaften Verlusten von zwei langj\u00e4hrigen Freunden und musikalischen Begleitern in der BHB, J\u00e4gi und Nobi, hatten wir unsere Zeit gebraucht zum Orientieren, Sortieren, Kl\u00e4ren, Organisieren und neu strukturieren.<\/p>\n\n<p>23 gemeinsame, erfolgreiche, fantastische, famili\u00e4re und auch emotionale Jahre als BregiHouseBand lassen sich nicht so einfach wegwischen. F\u00fcr uns war aber auch klar, dass ein Weiter so ebenfalls nicht in Frage kommt, denn niemand kann unsere verlorenen Freunde ersetzen.<\/p>\n\n<p>Weil wir aber miteinander weitermachen wollen, war f\u00fcr uns bald klar, dass es auch nur den Blick nach vorne gibt, auf eine neue, andere Art und auf einer neuen, anderen Ebene. So ist das Jahr 2024 eben auch jenes Jahr, in welchem unsere Weichen neu gestellt wurden.<\/p>\n\n<p>Wir freuen uns deshalb Euch heute sagen zu k\u00f6nnen, dass es weiter geht. Einen ersten Schritt gehen wir mit einem neuen Namen:<\/p>\n\n<p class=\"has-text-align-center\"><strong>Aus BregiHouseBand wird nun \u201eBHB \u2013 Level 24\u201c.<\/strong><\/p>\n\n<p>Dabei steht das \u201eBHB\u201c als Tribut f\u00fcr alle jenes, wo wir herkommen, das \u201eLevel 24\u201c f\u00fcr die Bedeutung des Jahres 2024 und den motivierten Blick nach vorne auf einer anderen Ebene.<\/p>\n\n<p>Lasst es uns wie Franky Sinatra halten, wenn er singt \u201eStart spreading the news\u2026\u201c und teilt diese Info mit allen, die es interessiert. Seid gespannt, auf das was kommt und bleibt uns treu und loyal zur Seite, denn nur mit Euerm Zuspruch k\u00f6nnen wir den weiteren Weg der BHB \u2013 Level24 gemeinsam gehen.<\/p>\n\n<p class=\"has-text-align-center\"><strong>Stay tuned \u2013 there is more to come!!<\/strong><\/p>\n\n<div style=\"height:52px\" aria-hidden=\"true\" class=\"wp-block-spacer\"><\/div>\n\n<hr class=\"wp-block-separator has-alpha-channel-opacity\"\/>\n\n<div style=\"height:46px\" aria-hidden=\"true\" class=\"wp-block-spacer\"><\/div>\n\n<p class=\"has-text-align-left has-text-color has-link-color wp-elements-8006a722b23a08f4ff010b8057309bec\" style=\"color:#f8dd0f;font-size:35px\"><strong>Weitere Infos<\/strong><\/p>\n\n<div class=\"wp-block-columns is-layout-flex wp-container-core-columns-is-layout-28f84493 wp-block-columns-is-layout-flex\"><div class=\"wp-block-column is-layout-flow wp-block-column-is-layout-flow\"><p>Die BREGI HOUSE BAND (BHB) aus dem Raum Villingen-Schwenningen wurde bereits im Jahr 2000 gegr\u00fcndet und begeistert seit mehr als 20 Jahren immer wieder durch ein abwechslungsreiches und gekonnt dargebotenes Musik-Programm. Mittlerweile gelten die 11 Mitglieder der Band nach viel beachteten Auftritten beim Hohentwiel-Festival, der Landesvertretung Baden-W\u00fcrttemberg in Berlin, am Bodensee und am Lago Maggiore sowie etlichen anderen Open-Air- und Hallen-Veranstaltungen auch \u00fcber ihre Heimat-Region hinaus als Stimmungsgarant mit schier endloser Spielfreude.<\/p>\n\n<p>Vom intimen privaten Rahmen oder der Afterwork-Party \u00fcber Firmenfeiern, Benefizveranstaltungen und Vereinsfeste bis hin zu gro\u00dfen Festivals reicht das stets begeisterte Publikum dabei von 30 bis 60+.<\/p>\n\n<div class=\"wp-block-cover\" style=\"border-radius:25px\"><img loading=\"lazy\" decoding=\"async\" width=\"864\" height=\"1152\" class=\"wp-block-cover__image-background wp-image-1149\" alt=\"\" src=\"https:\/\/bregihouseband.de\/wp-content\/uploads\/2024\/11\/6D776B20-96EA-42AD-8B4C-C5D883269D89.jpg\" data-object-fit=\"cover\" srcset=\"https:\/\/bregihouseband.de\/wp-content\/uploads\/2024\/11\/6D776B20-96EA-42AD-8B4C-C5D883269D89.jpg 864w, https:\/\/bregihouseband.de\/wp-content\/uploads\/2024\/11\/6D776B20-96EA-42AD-8B4C-C5D883269D89-225x300.jpg 225w, https:\/\/bregihouseband.de\/wp-content\/uploads\/2024\/11\/6D776B20-96EA-42AD-8B4C-C5D883269D89-768x1024.jpg 768w, https:\/\/bregihouseband.de\/wp-content\/uploads\/2024\/11\/6D776B20-96EA-42AD-8B4C-C5D883269D89-600x800.jpg 600w\" sizes=\"auto, (max-width: 864px) 100vw, 864px\" \/><span aria-hidden=\"true\" class=\"wp-block-cover__background has-background-dim-20 has-background-dim\" style=\"background-color:#4e4b3b\"><\/span><div class=\"wp-block-cover__inner-container is-layout-constrained wp-block-cover-is-layout-constrained\"><p class=\"has-text-align-center has-large-font-size\"><\/p><\/div><\/div><\/div>\n\n<div class=\"wp-block-column is-layout-flow wp-block-column-is-layout-flow\"><div class=\"wp-block-cover\" style=\"border-radius:25px\"><img loading=\"lazy\" decoding=\"async\" width=\"480\" height=\"720\" class=\"wp-block-cover__image-background wp-image-1148\" alt=\"\" src=\"https:\/\/bregihouseband.de\/wp-content\/uploads\/2024\/11\/88f3f64c-faa4-4a3e-855b-1a65857a5f4c.jpg\" data-object-fit=\"cover\" srcset=\"https:\/\/bregihouseband.de\/wp-content\/uploads\/2024\/11\/88f3f64c-faa4-4a3e-855b-1a65857a5f4c.jpg 480w, https:\/\/bregihouseband.de\/wp-content\/uploads\/2024\/11\/88f3f64c-faa4-4a3e-855b-1a65857a5f4c-200x300.jpg 200w\" sizes=\"auto, (max-width: 480px) 100vw, 480px\" \/><span aria-hidden=\"true\" class=\"wp-block-cover__background has-background-dim-20 has-background-dim\" style=\"background-color:#856c5d\"><\/span><div class=\"wp-block-cover__inner-container is-layout-constrained wp-block-cover-is-layout-constrained\"><p class=\"has-text-align-center has-large-font-size\"><\/p><\/div><\/div>\n\n<div style=\"height:54px\" aria-hidden=\"true\" class=\"wp-block-spacer\"><\/div>\n\n<p>Ihre absolut live gespielte Musik reicht von ABBA bis Zappa, das Repertoire deckt den Rock, Soul und Blues der sp\u00e4ten 60er bis hin zu aktuelleren Titeln ab. Ausgezeichnete Solisten und eine knackige Rhythmus-Abteilung werden dabei von einer starken Bl\u00e4ser- Formation und soliden Backing-Vocals unterst\u00fctzt. Das Ergebnis ist mehr als \u201eCover\u201c \u2013 es ist ein volumin\u00f6ses Erlebnis, die Band live zu erleben. Ihr Spa\u00df an der Musik schl\u00e4gt schnell auf das Publikum \u00fcber und eine tolle Stimmung ist garantiert.<\/p>\n\n<div style=\"height:46px\" aria-hidden=\"true\" class=\"wp-block-spacer\"><\/div>\n\n<p class=\"has-text-align-center\"><strong>ABSOLUTELY LIVE AND GROOVY<\/strong><\/p>\n\n<div style=\"height:46px\" aria-hidden=\"true\" class=\"wp-block-spacer\"><\/div><\/div><\/div><\/div><\/div><\/div><div style=\"height:123px\" aria-hidden=\"true\" class=\"wp-block-spacer\"><\/div>","protected":false},"excerpt":{"rendered":"<p>\u2026warum Level24 Liebe Freunde der BregiHouseBand und treue Begleiter der vergangenen fast zweieinhalb Jahrzehnte! Nach unseren schmerzhaften Verlusten von zwei langj\u00e4hrigen Freunden und musikalischen Begleitern in der BHB, J\u00e4gi und Nobi, hatten wir unsere Zeit gebraucht zum Orientieren, Sortieren, Kl\u00e4ren, Organisieren und neu strukturieren. 23 gemeinsame, erfolgreiche, fantastische, famili\u00e4re und auch emotionale Jahre als BregiHouseBand [&hellip;]<\/p>\n","protected":false},"author":1,"featured_media":0,"parent":0,"menu_order":0,"comment_status":"closed","ping_status":"closed","template":"","meta":{"_themeisle_gutenberg_block_has_review":false,"footnotes":""},"class_list":["post-1208","page","type-page","status-publish","hentry"],"_links":{"self":[{"href":"https:\/\/bregihouseband.de\/index.php?rest_route=\/wp\/v2\/pages\/1208","targetHints":{"allow":["GET"]}}],"collection":[{"href":"https:\/\/bregihouseband.de\/index.php?rest_route=\/wp\/v2\/pages"}],"about":[{"href":"https:\/\/bregihouseband.de\/index.php?rest_route=\/wp\/v2\/types\/page"}],"author":[{"embeddable":true,"href":"https:\/\/bregihouseband.de\/index.php?rest_route=\/wp\/v2\/users\/1"}],"replies":[{"embeddable":true,"href":"https:\/\/bregihouseband.de\/index.php?rest_route=%2Fwp%2Fv2%2Fcomments&post=1208"}],"version-history":[{"count":13,"href":"https:\/\/bregihouseband.de\/index.php?rest_route=\/wp\/v2\/pages\/1208\/revisions"}],"predecessor-version":[{"id":1323,"href":"https:\/\/bregihouseband.de\/index.php?rest_route=\/wp\/v2\/pages\/1208\/revisions\/1323"}],"wp:attachment":[{"href":"https:\/\/bregihouseband.de\/index.php?rest_route=%2Fwp%2Fv2%2Fmedia&parent=1208"}],"curies":[{"name":"wp","href":"https:\/\/api.w.org\/{rel}","templated":true}]}}